{"id":278,"date":"2017-03-01T19:02:51","date_gmt":"2017-03-01T18:02:51","guid":{"rendered":"http:\/\/allez-allez.net\/?page_id=278"},"modified":"2020-07-08T16:34:29","modified_gmt":"2020-07-08T15:34:29","slug":"road","status":"publish","type":"page","link":"https:\/\/allez-allez.net\/de\/road\/","title":{"rendered":"Road"},"content":{"rendered":"<p><em>&#8222;Ein Rennrad, auch Stra\u00dfenrad genannt (fr\u00fcher auch 10-Gang) ist ein Fahrrad, entwickelt f\u00fcr den Wettkampfbereich. Dieser Sport wird bestimmt und geregelt, von der Union Cycliste Internationale (UCI). Die Regeln der UCI wurden 1934 diesbez\u00fcglich abge\u00e4ndert um Liegefahrr\u00e4der auszuschlie\u00dfen.<\/em><\/p>\n<p><em>Das wichtigsten Merkmale eines Rennrades sind das Gewicht und die Steifigkeit. Sie bestimmen die Effizienz, in der die Kraft des Fahrers \u00fcber den Pedaltritt zum Antriebsstrang \u00fcbertragen wird, welcher schlussendlich die Laufr\u00e4der rotieren l\u00e4sst. Der abfallende Lenker (Drop) ist dabei unter dem Sattel platziert, um dem Fahrer eine aerodynamischere Haltung zu geben. Das Vorder- und Hinterrad stehen n\u00e4her zusammen, so dass dies eine agilere Handhabung erm\u00f6glicht. Damit der Fahrer im optimalen Kadenzbereich agieren kann, liegt die Untersetzung der Kassette ebenfalls n\u00e4her zusammen.<\/em><\/p>\n<p><em>Andere Rennr\u00e4der, speziell diese f\u00fcr das Zeitfahren, priorisieren Aerodynamic vor Komfort.&#8220;<\/em><\/p>\n<p style=\"text-align: right;\"><em>Quelle: <a href=\"https:\/\/en.wikipedia.org\/wiki\/Racing_bicycle\" target=\"_blank\" rel=\"noopener noreferrer\">https:\/\/en.wikipedia.org\/wiki\/Racing_bicycle<\/a><\/em><\/p>\n<p><\/p>\n\n\n<div class=\"wp-block-columns has-2-columns is-layout-flex wp-container-core-columns-is-layout-28f84493 wp-block-columns-is-layout-flex\">\n<div class=\"wp-block-column is-layout-flow wp-block-column-is-layout-flow\">\n<figure class=\"wp-block-image is-resized\"><a href=\"https:\/\/allez-allez.net\/de\/specialized-allez\/\"><img data-recalc-dims=\"1\" loading=\"lazy\" decoding=\"async\" data-attachment-id=\"2149\" data-permalink=\"https:\/\/allez-allez.net\/de\/road\/specialized_allez_preview\/\" data-orig-file=\"https:\/\/i0.wp.com\/allez-allez.net\/wp-content\/uploads\/2019\/04\/Specialized_Allez_Preview.jpg?fit=3456%2C2304&amp;ssl=1\" data-orig-size=\"3456,2304\" data-comments-opened=\"0\" data-image-meta=\"{&quot;aperture&quot;:&quot;0&quot;,&quot;credit&quot;:&quot;&quot;,&quot;camera&quot;:&quot;&quot;,&quot;caption&quot;:&quot;&quot;,&quot;created_timestamp&quot;:&quot;0&quot;,&quot;copyright&quot;:&quot;&quot;,&quot;focal_length&quot;:&quot;0&quot;,&quot;iso&quot;:&quot;0&quot;,&quot;shutter_speed&quot;:&quot;0&quot;,&quot;title&quot;:&quot;&quot;,&quot;orientation&quot;:&quot;1&quot;}\" data-image-title=\"Specialized_Allez_Preview\" data-image-description=\"\" data-image-caption=\"\" data-medium-file=\"https:\/\/i0.wp.com\/allez-allez.net\/wp-content\/uploads\/2019\/04\/Specialized_Allez_Preview.jpg?fit=300%2C200&amp;ssl=1\" data-large-file=\"https:\/\/i0.wp.com\/allez-allez.net\/wp-content\/uploads\/2019\/04\/Specialized_Allez_Preview.jpg?fit=1024%2C683&amp;ssl=1\" src=\"https:\/\/i0.wp.com\/allez-allez.net\/wp-content\/uploads\/2019\/04\/Specialized_Allez_Preview.jpg?resize=512%2C342&#038;ssl=1\" alt=\"\" class=\"wp-image-2149\" width=\"512\" height=\"342\" srcset=\"https:\/\/i0.wp.com\/allez-allez.net\/wp-content\/uploads\/2019\/04\/Specialized_Allez_Preview.jpg?resize=1024%2C683&amp;ssl=1 1024w, https:\/\/i0.wp.com\/allez-allez.net\/wp-content\/uploads\/2019\/04\/Specialized_Allez_Preview.jpg?resize=300%2C200&amp;ssl=1 300w, https:\/\/i0.wp.com\/allez-allez.net\/wp-content\/uploads\/2019\/04\/Specialized_Allez_Preview.jpg?resize=768%2C512&amp;ssl=1 768w, https:\/\/i0.wp.com\/allez-allez.net\/wp-content\/uploads\/2019\/04\/Specialized_Allez_Preview.jpg?resize=830%2C553&amp;ssl=1 830w, https:\/\/i0.wp.com\/allez-allez.net\/wp-content\/uploads\/2019\/04\/Specialized_Allez_Preview.jpg?resize=230%2C153&amp;ssl=1 230w, https:\/\/i0.wp.com\/allez-allez.net\/wp-content\/uploads\/2019\/04\/Specialized_Allez_Preview.jpg?resize=350%2C233&amp;ssl=1 350w, https:\/\/i0.wp.com\/allez-allez.net\/wp-content\/uploads\/2019\/04\/Specialized_Allez_Preview.jpg?resize=480%2C320&amp;ssl=1 480w, https:\/\/i0.wp.com\/allez-allez.net\/wp-content\/uploads\/2019\/04\/Specialized_Allez_Preview.jpg?resize=272%2C182&amp;ssl=1 272w, https:\/\/i0.wp.com\/allez-allez.net\/wp-content\/uploads\/2019\/04\/Specialized_Allez_Preview.jpg?w=2340&amp;ssl=1 2340w\" sizes=\"auto, (max-width: 512px) 100vw, 512px\" \/><\/a><\/figure>\n<\/div>\n\n\n\n<div class=\"wp-block-column is-layout-flow wp-block-column-is-layout-flow\">\n<figure class=\"wp-block-image size-large is-resized\"><a href=\"https:\/\/allez-allez.net\/de\/sworks-tarmac\/\"><img data-recalc-dims=\"1\" loading=\"lazy\" decoding=\"async\" data-attachment-id=\"2896\" data-permalink=\"https:\/\/allez-allez.net\/de\/road\/sworks_tarmac_preview_2019\/\" data-orig-file=\"https:\/\/i0.wp.com\/allez-allez.net\/wp-content\/uploads\/2020\/07\/SWORKS_Tarmac_Preview_2019-scaled.jpg?fit=2560%2C1707&amp;ssl=1\" data-orig-size=\"2560,1707\" data-comments-opened=\"0\" data-image-meta=\"{&quot;aperture&quot;:&quot;0&quot;,&quot;credit&quot;:&quot;&quot;,&quot;camera&quot;:&quot;&quot;,&quot;caption&quot;:&quot;&quot;,&quot;created_timestamp&quot;:&quot;0&quot;,&quot;copyright&quot;:&quot;&quot;,&quot;focal_length&quot;:&quot;0&quot;,&quot;iso&quot;:&quot;0&quot;,&quot;shutter_speed&quot;:&quot;0&quot;,&quot;title&quot;:&quot;&quot;,&quot;orientation&quot;:&quot;1&quot;}\" data-image-title=\"SWORKS_Tarmac_Preview_2019\" data-image-description=\"\" data-image-caption=\"\" data-medium-file=\"https:\/\/i0.wp.com\/allez-allez.net\/wp-content\/uploads\/2020\/07\/SWORKS_Tarmac_Preview_2019-scaled.jpg?fit=300%2C200&amp;ssl=1\" data-large-file=\"https:\/\/i0.wp.com\/allez-allez.net\/wp-content\/uploads\/2020\/07\/SWORKS_Tarmac_Preview_2019-scaled.jpg?fit=1024%2C683&amp;ssl=1\" src=\"https:\/\/i0.wp.com\/allez-allez.net\/wp-content\/uploads\/2020\/07\/SWORKS_Tarmac_Preview_2019.jpg?resize=512%2C342&#038;ssl=1\" alt=\"\" class=\"wp-image-2896\" width=\"512\" height=\"342\" srcset=\"https:\/\/i0.wp.com\/allez-allez.net\/wp-content\/uploads\/2020\/07\/SWORKS_Tarmac_Preview_2019-scaled.jpg?resize=1024%2C683&amp;ssl=1 1024w, https:\/\/i0.wp.com\/allez-allez.net\/wp-content\/uploads\/2020\/07\/SWORKS_Tarmac_Preview_2019-scaled.jpg?resize=300%2C200&amp;ssl=1 300w, https:\/\/i0.wp.com\/allez-allez.net\/wp-content\/uploads\/2020\/07\/SWORKS_Tarmac_Preview_2019-scaled.jpg?resize=768%2C512&amp;ssl=1 768w, https:\/\/i0.wp.com\/allez-allez.net\/wp-content\/uploads\/2020\/07\/SWORKS_Tarmac_Preview_2019-scaled.jpg?resize=1536%2C1024&amp;ssl=1 1536w, https:\/\/i0.wp.com\/allez-allez.net\/wp-content\/uploads\/2020\/07\/SWORKS_Tarmac_Preview_2019-scaled.jpg?resize=2048%2C1365&amp;ssl=1 2048w, https:\/\/i0.wp.com\/allez-allez.net\/wp-content\/uploads\/2020\/07\/SWORKS_Tarmac_Preview_2019-scaled.jpg?resize=830%2C553&amp;ssl=1 830w, https:\/\/i0.wp.com\/allez-allez.net\/wp-content\/uploads\/2020\/07\/SWORKS_Tarmac_Preview_2019-scaled.jpg?resize=230%2C153&amp;ssl=1 230w, https:\/\/i0.wp.com\/allez-allez.net\/wp-content\/uploads\/2020\/07\/SWORKS_Tarmac_Preview_2019-scaled.jpg?resize=350%2C233&amp;ssl=1 350w, https:\/\/i0.wp.com\/allez-allez.net\/wp-content\/uploads\/2020\/07\/SWORKS_Tarmac_Preview_2019-scaled.jpg?resize=480%2C320&amp;ssl=1 480w, https:\/\/i0.wp.com\/allez-allez.net\/wp-content\/uploads\/2020\/07\/SWORKS_Tarmac_Preview_2019-scaled.jpg?resize=272%2C182&amp;ssl=1 272w, https:\/\/i0.wp.com\/allez-allez.net\/wp-content\/uploads\/2020\/07\/SWORKS_Tarmac_Preview_2019-scaled.jpg?w=2340&amp;ssl=1 2340w\" sizes=\"auto, (max-width: 512px) 100vw, 512px\" \/><\/a><\/figure>\n<\/div>\n<\/div>\n","protected":false},"excerpt":{"rendered":"<p>&#8222;Ein Rennrad, auch Stra\u00dfenrad genannt (fr\u00fcher auch 10-Gang) ist ein Fahrrad, entwickelt f\u00fcr den Wettkampfbereich. Dieser Sport wird bestimmt und geregelt, von der Union Cycliste Internationale (UCI). Die Regeln der UCI wurden 1934 diesbez\u00fcglich abge\u00e4ndert um Liegefahrr\u00e4der auszuschlie\u00dfen. Das wichtigsten Merkmale eines Rennrades sind das Gewicht und die Steifigkeit. Sie bestimmen die Effizienz, in der [&hellip;]<\/p>\n","protected":false},"author":1,"featured_media":0,"parent":0,"menu_order":0,"comment_status":"closed","ping_status":"closed","template":"page-templates\/page_fullwidth.php","meta":{"footnotes":""},"class_list":["post-278","page","type-page","status-publish","hentry"],"translation":{"provider":"WPGlobus","version":"3.0.0","language":"de","enabled_languages":["en","de"],"languages":{"en":{"title":true,"content":true,"excerpt":false},"de":{"title":true,"content":true,"excerpt":false}}},"jetpack_sharing_enabled":true,"_links":{"self":[{"href":"https:\/\/allez-allez.net\/de\/wp-json\/wp\/v2\/pages\/278","targetHints":{"allow":["GET"]}}],"collection":[{"href":"https:\/\/allez-allez.net\/de\/wp-json\/wp\/v2\/pages"}],"about":[{"href":"https:\/\/allez-allez.net\/de\/wp-json\/wp\/v2\/types\/page"}],"author":[{"embeddable":true,"href":"https:\/\/allez-allez.net\/de\/wp-json\/wp\/v2\/users\/1"}],"replies":[{"embeddable":true,"href":"https:\/\/allez-allez.net\/de\/wp-json\/wp\/v2\/comments?post=278"}],"version-history":[{"count":8,"href":"https:\/\/allez-allez.net\/de\/wp-json\/wp\/v2\/pages\/278\/revisions"}],"predecessor-version":[{"id":2898,"href":"https:\/\/allez-allez.net\/de\/wp-json\/wp\/v2\/pages\/278\/revisions\/2898"}],"wp:attachment":[{"href":"https:\/\/allez-allez.net\/de\/wp-json\/wp\/v2\/media?parent=278"}],"curies":[{"name":"wp","href":"https:\/\/api.w.org\/{rel}","templated":true}]}}