{"id":315,"date":"2017-03-01T19:28:26","date_gmt":"2017-03-01T18:28:26","guid":{"rendered":"http:\/\/allez-allez.net\/?page_id=315"},"modified":"2019-04-27T14:07:37","modified_gmt":"2019-04-27T13:07:37","slug":"mtb","status":"publish","type":"page","link":"https:\/\/allez-allez.net\/de\/mtb\/","title":{"rendered":"MTB"},"content":{"rendered":"<p><em>&#8222;Ein Mountain Bike, kurz MTB (Englisch) ist ein Fahrrad, welches f\u00fcr Gel\u00e4ndeg\u00e4ngigkeit konzipiert ist. Ein Mountain Bike hat \u00c4hnlichkeiten zu anderer Fahrr\u00e4dern,&nbsp; weist aber trotzdem spezielle Eigenschaften auf, die speziell f\u00fcr die Leistung und Strapazierf\u00e4higkeit&nbsp; in ruppigem Gel\u00e4nde entworfen wurden. Diese sind typischer Weise eine vordere &#8211; oder vollst\u00e4ndige Federung, Grobstollenreifen, stabilere Laufr\u00e4der, st\u00e4rkere Bremsen, gerade Lenker und eine kleinere \u00dcbersetzung f\u00fcr grobe Kletterbereiche.&#8220;<\/em><\/p>\n<p style=\"text-align: right;\"><em>Quelle:&nbsp;<a href=\"https:\/\/en.wikipedia.org\/wiki\/Mountain_bike\" target=\"_blank\" rel=\"noopener noreferrer\">https:\/\/en.wikipedia.org\/wiki\/Mountain_bike<\/a><\/em><\/p>\n<p><\/p>\n\n\n<div class=\"wp-block-image\"><figure class=\"aligncenter is-resized\"><a href=\"https:\/\/allez-allez.net\/de\/trek-fuel-ex8\/\"><img data-recalc-dims=\"1\" loading=\"lazy\" decoding=\"async\" data-attachment-id=\"2146\" data-permalink=\"https:\/\/allez-allez.net\/de\/mtb\/trek_fuel_ex8_preview\/\" data-orig-file=\"https:\/\/i0.wp.com\/allez-allez.net\/wp-content\/uploads\/2019\/04\/TREK_Fuel_EX8_Preview.jpg?fit=3456%2C2304&amp;ssl=1\" data-orig-size=\"3456,2304\" data-comments-opened=\"0\" data-image-meta=\"{&quot;aperture&quot;:&quot;0&quot;,&quot;credit&quot;:&quot;&quot;,&quot;camera&quot;:&quot;&quot;,&quot;caption&quot;:&quot;&quot;,&quot;created_timestamp&quot;:&quot;0&quot;,&quot;copyright&quot;:&quot;&quot;,&quot;focal_length&quot;:&quot;0&quot;,&quot;iso&quot;:&quot;0&quot;,&quot;shutter_speed&quot;:&quot;0&quot;,&quot;title&quot;:&quot;&quot;,&quot;orientation&quot;:&quot;1&quot;}\" data-image-title=\"TREK_Fuel_EX8_Preview\" data-image-description=\"\" data-image-caption=\"\" data-medium-file=\"https:\/\/i0.wp.com\/allez-allez.net\/wp-content\/uploads\/2019\/04\/TREK_Fuel_EX8_Preview.jpg?fit=300%2C200&amp;ssl=1\" data-large-file=\"https:\/\/i0.wp.com\/allez-allez.net\/wp-content\/uploads\/2019\/04\/TREK_Fuel_EX8_Preview.jpg?fit=1024%2C683&amp;ssl=1\" src=\"https:\/\/i0.wp.com\/allez-allez.net\/wp-content\/uploads\/2019\/04\/TREK_Fuel_EX8_Preview.jpg?resize=512%2C342&#038;ssl=1\" alt=\"\" class=\"wp-image-2146\" width=\"512\" height=\"342\" srcset=\"https:\/\/i0.wp.com\/allez-allez.net\/wp-content\/uploads\/2019\/04\/TREK_Fuel_EX8_Preview.jpg?resize=1024%2C683&amp;ssl=1 1024w, https:\/\/i0.wp.com\/allez-allez.net\/wp-content\/uploads\/2019\/04\/TREK_Fuel_EX8_Preview.jpg?resize=300%2C200&amp;ssl=1 300w, https:\/\/i0.wp.com\/allez-allez.net\/wp-content\/uploads\/2019\/04\/TREK_Fuel_EX8_Preview.jpg?resize=768%2C512&amp;ssl=1 768w, https:\/\/i0.wp.com\/allez-allez.net\/wp-content\/uploads\/2019\/04\/TREK_Fuel_EX8_Preview.jpg?resize=830%2C553&amp;ssl=1 830w, https:\/\/i0.wp.com\/allez-allez.net\/wp-content\/uploads\/2019\/04\/TREK_Fuel_EX8_Preview.jpg?resize=230%2C153&amp;ssl=1 230w, https:\/\/i0.wp.com\/allez-allez.net\/wp-content\/uploads\/2019\/04\/TREK_Fuel_EX8_Preview.jpg?resize=350%2C233&amp;ssl=1 350w, https:\/\/i0.wp.com\/allez-allez.net\/wp-content\/uploads\/2019\/04\/TREK_Fuel_EX8_Preview.jpg?resize=480%2C320&amp;ssl=1 480w, https:\/\/i0.wp.com\/allez-allez.net\/wp-content\/uploads\/2019\/04\/TREK_Fuel_EX8_Preview.jpg?resize=272%2C182&amp;ssl=1 272w, https:\/\/i0.wp.com\/allez-allez.net\/wp-content\/uploads\/2019\/04\/TREK_Fuel_EX8_Preview.jpg?w=2340&amp;ssl=1 2340w\" sizes=\"auto, (max-width: 512px) 100vw, 512px\" \/><\/a><\/figure><\/div>\n","protected":false},"excerpt":{"rendered":"<p>&#8222;Ein Mountain Bike, kurz MTB (Englisch) ist ein Fahrrad, welches f\u00fcr Gel\u00e4ndeg\u00e4ngigkeit konzipiert ist. Ein Mountain Bike hat \u00c4hnlichkeiten zu anderer Fahrr\u00e4dern,&nbsp; weist aber trotzdem spezielle Eigenschaften auf, die speziell f\u00fcr die Leistung und Strapazierf\u00e4higkeit&nbsp; in ruppigem Gel\u00e4nde entworfen wurden. Diese sind typischer Weise eine vordere &#8211; oder vollst\u00e4ndige Federung, Grobstollenreifen, stabilere Laufr\u00e4der, st\u00e4rkere Bremsen, [&hellip;]<\/p>\n","protected":false},"author":1,"featured_media":0,"parent":0,"menu_order":0,"comment_status":"closed","ping_status":"closed","template":"page-templates\/page_fullwidth.php","meta":{"footnotes":""},"class_list":["post-315","page","type-page","status-publish","hentry"],"translation":{"provider":"WPGlobus","version":"3.0.0","language":"de","enabled_languages":["en","de"],"languages":{"en":{"title":true,"content":true,"excerpt":false},"de":{"title":true,"content":true,"excerpt":false}}},"jetpack_sharing_enabled":true,"_links":{"self":[{"href":"https:\/\/allez-allez.net\/de\/wp-json\/wp\/v2\/pages\/315","targetHints":{"allow":["GET"]}}],"collection":[{"href":"https:\/\/allez-allez.net\/de\/wp-json\/wp\/v2\/pages"}],"about":[{"href":"https:\/\/allez-allez.net\/de\/wp-json\/wp\/v2\/types\/page"}],"author":[{"embeddable":true,"href":"https:\/\/allez-allez.net\/de\/wp-json\/wp\/v2\/users\/1"}],"replies":[{"embeddable":true,"href":"https:\/\/allez-allez.net\/de\/wp-json\/wp\/v2\/comments?post=315"}],"version-history":[{"count":0,"href":"https:\/\/allez-allez.net\/de\/wp-json\/wp\/v2\/pages\/315\/revisions"}],"wp:attachment":[{"href":"https:\/\/allez-allez.net\/de\/wp-json\/wp\/v2\/media?parent=315"}],"curies":[{"name":"wp","href":"https:\/\/api.w.org\/{rel}","templated":true}]}}