{"id":458,"date":"2018-05-25T11:30:04","date_gmt":"2018-05-25T10:30:04","guid":{"rendered":"https:\/\/allez-allez.net\/?page_id=458"},"modified":"2019-04-28T08:24:50","modified_gmt":"2019-04-28T07:24:50","slug":"lemarque","status":"publish","type":"page","link":"https:\/\/allez-allez.net\/de\/lemarque\/","title":{"rendered":"LeMarque"},"content":{"rendered":"<p style=\"text-align: left;\">Servus!<\/p>\n<p style=\"text-align: left;\">Ich bin LeMarque aus Deutschland und das ist mein Blog \u00fcber meine Fahrrad Passion.<\/p>\n<p>Grunds\u00e4tzlich bin ich der &#8222;Rennrad-Typ&#8220;, ganz einfach weil es etwas mit Effizienz, Ausdauer und nat\u00fcrlich Geschwindigkeit zu tun hat. Das MTB ist nur f\u00fcr unregelm\u00e4\u00dfige Ausfahrten mit Freunden ohne RR, also nichts was regelm\u00e4\u00dfig w\u00e4re. Nachstehend meine Geometrie auf denen all meine Angaben basieren.<\/p>\n\n\n<table class=\"wp-block-table is-style-stripes\"><tbody><tr><td>K\u00f6rpergr\u00f6\u00dfe<\/td><td>1720mm<\/td><\/tr><tr><td>Oberk\u00f6rperl\u00e4nge<\/td><td>570mm<\/td><\/tr><tr><td>Schrittl\u00e4nge<\/td><td>810mm<\/td><\/tr><tr><td>Arml\u00e4nge<\/td><td>585mm<\/td><\/tr><tr><td>Schulterbreite<\/td><td>420mm<\/td><\/tr><\/tbody><\/table>\n\n\n<p style=\"text-align: left;\">Ich versuche diesen Blog aktuell zu halten und mit netten Bildern zu f\u00fcttern. Allerdings ist so eine Kamera recht schwer auf Touren. Vielleicht sind auch einige Bilder auf meinem instagram Account <a href=\"https:\/\/www.instagram.com\/le.marque_allez\/\" target=\"_blank\" rel=\"noopener noreferrer\">#le.marque_allez<\/a><\/p>\n<p style=\"text-align: left;\">Allez! Allez!<br \/>-LeMarque<\/p>\n<p style=\"text-align: left;\">P.S. Ihr k\u00f6nnt auch auf meinem anderen Blog vorbei schauen: <a href=\"https:\/\/ownthecorners.com\">ownthecorners.com<\/a><\/p>","protected":false},"excerpt":{"rendered":"<p>Servus! Ich bin LeMarque aus Deutschland und das ist mein Blog \u00fcber meine Fahrrad Passion. Grunds\u00e4tzlich bin ich der &#8222;Rennrad-Typ&#8220;, ganz einfach weil es etwas mit Effizienz, Ausdauer und nat\u00fcrlich Geschwindigkeit zu tun hat. Das MTB ist nur f\u00fcr unregelm\u00e4\u00dfige Ausfahrten mit Freunden ohne RR, also nichts was regelm\u00e4\u00dfig w\u00e4re. Nachstehend meine Geometrie auf denen [&hellip;]<\/p>\n","protected":false},"author":1,"featured_media":0,"parent":0,"menu_order":0,"comment_status":"closed","ping_status":"closed","template":"page-templates\/page_fullwidth.php","meta":{"footnotes":""},"class_list":["post-458","page","type-page","status-publish","hentry"],"translation":{"provider":"WPGlobus","version":"3.0.0","language":"de","enabled_languages":["en","de"],"languages":{"en":{"title":true,"content":true,"excerpt":false},"de":{"title":true,"content":true,"excerpt":false}}},"jetpack_sharing_enabled":true,"_links":{"self":[{"href":"https:\/\/allez-allez.net\/de\/wp-json\/wp\/v2\/pages\/458","targetHints":{"allow":["GET"]}}],"collection":[{"href":"https:\/\/allez-allez.net\/de\/wp-json\/wp\/v2\/pages"}],"about":[{"href":"https:\/\/allez-allez.net\/de\/wp-json\/wp\/v2\/types\/page"}],"author":[{"embeddable":true,"href":"https:\/\/allez-allez.net\/de\/wp-json\/wp\/v2\/users\/1"}],"replies":[{"embeddable":true,"href":"https:\/\/allez-allez.net\/de\/wp-json\/wp\/v2\/comments?post=458"}],"version-history":[{"count":0,"href":"https:\/\/allez-allez.net\/de\/wp-json\/wp\/v2\/pages\/458\/revisions"}],"wp:attachment":[{"href":"https:\/\/allez-allez.net\/de\/wp-json\/wp\/v2\/media?parent=458"}],"curies":[{"name":"wp","href":"https:\/\/api.w.org\/{rel}","templated":true}]}}