{"id":552,"date":"2018-12-21T08:06:59","date_gmt":"2018-12-21T07:06:59","guid":{"rendered":"https:\/\/allez-allez.net\/?page_id=552"},"modified":"2020-05-02T17:26:45","modified_gmt":"2020-05-02T16:26:45","slug":"garage","status":"publish","type":"page","link":"https:\/\/allez-allez.net\/de\/garage\/","title":{"rendered":"Werkstatt"},"content":{"rendered":"\n<p>Diese Seite soll eine Aufstellung all meiner Werkzeuge und Handb\u00fccher sein, die ich f\u00fcr die Installation und Wartung meiner R\u00e4der einsetze. Auch versuche ich eine Galerie mit meinen &#8222;Anleitungen&#8220; zu erstellen.<\/p>\n\n\n\n<p><strong>Werkzeuge<\/strong><br>Vorab, ich bin von Werkzeug besessen. Sollt ich irgend ein Werkzeug ben\u00f6tigen, wird dies in der best m\u00f6glichen Qualit\u00e4t angeschafft&#8230; ohne Kompromisse!<\/p>\n\n\n\n<p>Die Fahrradspezifischen Werkzeuge sind von Park, spezielle Werkzeuge, wie etwa Drehmomentschl\u00fcssel, sind von Herstellern wie Hazet oder Gedore. Ganz einfach aus dem Grund, weil diese Hersteller in diesem Metier mehr Erfahrung  vorweisen k\u00f6nnen. Die Nachstehende Auflistung zeit all meine Werkzeuge und ihren Anwendungsbereich.<\/p>\n\n\n\n<ul class=\"wp-block-list\"><li>Feedback Sports <ul><li>Pro-Elite Repair Stand <\/li><\/ul><\/li><li>Park Tool <ul><li>DH-1 (dummy hub, Wartung\/Reinigung der Kette)<\/li><li>CN-10 (cable and housing cutter, Kabelschneider und Kabelendh\u00fclsenpresser)<\/li><li>CP-1 (cassette pliers \/ chain whip pliers, Kasettenzange zur Demontage)<\/li><li>FR-5.2G (cassette lockring tool with guide, Kasettensperring Werkzeug, Montage\/Demontange der Kasette)<\/li><li>CC-3.2 (chain checker, Ketten Kontrollwerkzeug f\u00fcr L\u00e4nge und Verschlei\u00df)<\/li><li>CT-3.2 (chain tool, Ketten Werkzeug zum Abl\u00e4ngen, so wie Montange\/Demontage)<\/li><li>MLP-1.2 (master link pliers, Zange zum \u00f6ffen\/schlie\u00dfen von Shimano master link Ketten)<\/li><li>BBT-30.4 (bottom bracket bearing tool set, Tretlager Werkzeug zum entfernen von BB30 (BB42))<\/li><li>BBT-69.2 (bottom bracket tool (Nuss), Tretlager Werkzeug zum Montage\/Demontage eines  BB30 (BB42-68))<\/li><li>BBT-9 (bottom bracket tool (Schl\u00fcssel),Tretlager Werkzeug zum Montage\/Demontage eines BB30 (BB42-68))<\/li><li>SG-8 (saw guide, S\u00e4gehilfe f\u00fcr Carbongabeln)<\/li><li>CSB-1 (carbon cutting saw blade, Carbons\u00e4geblatt)<\/li><li>ATD-1.2 (adjustable torque driver, Bit-Drehmomentschl\u00fcssel f\u00fcr 4NM, 4.5NM, 5NM, 5.5NM, 6NM) <\/li><\/ul><\/li><li>Hazet <ul><li>Drehmomentschl\u00fcssel 2,5-25NM 1\/4 Zoll (5108-2CT) <\/li><li>Drehmomentschl\u00fcssel 10-60NM 3\/8 Zoll (5110-2CT) <\/li><\/ul><\/li><li>Gedore (Carolous\/RED) <ul><li>Drehmomentschl\u00fcssel 40-200NM, 1\/2 Zoll, Durchsteckvierkant f\u00fcr bi-direktionales Anziehen (5900.200) <\/li><\/ul><\/li><li>Knipex <ul><li>Flachrundzange (26 15 200)<\/li><li>Universalzang (03 05 180) <\/li><\/ul><\/li><li>Proxxon <ul><li>1\/4 and 1\/2 Zoll Ratschenset (NO 23 040)<\/li><li>1\/4 and 1\/2 Zoll Hex Set (NO 23 100) <\/li><\/ul><\/li><li>Wera <ul><li>Kraftform 300 SET: Schlitz-, Phillips-, Pozidriv- und TORX-Schrauben (05105630001 1)<\/li><li>8790 HMC Zyklop Sockel 1\/2 Zoll, Gr\u00f6\u00dfe 1 Zoll (05003631001) (f\u00fcr Park Tool FR-5.2G) <\/li><\/ul><\/li><li>Generelles Zubeh\u00f6r und Verbrauchsmaterial <ul><li>Shimano Premium Grease<\/li><li>Shimano Entfetter (Kanister)<\/li><li>Ceramicspeed All Round Grease<\/li><li>Motorex Wet Protect (Road)<\/li><li>Innotech 105 (MTB)<\/li><li>Loctite 243<\/li><li>Liqui Moly Keramik Montagepaste <\/li><\/ul><\/li><\/ul>\n\n\n\n<p><strong>Handb\u00fccher &amp; Technische Anleitungen<\/strong><br>Die nachfolgenden externen Links zeigen offizielle Hersteller-Handb\u00fccher und -Technische Anleitungen. Alle Rechte obliegen dem Urheber. KEINE Garantie bei S\u00c4MTLICHEN Sch\u00e4den.<\/p>\n\n\n\n<ul class=\"wp-block-list\"><li><a rel=\"noreferrer noopener\" aria-label=\" (\u00f6ffnet in neuem Tab)\" href=\"http:\/\/si.shimano.com\" target=\"_blank\">https:\/\/si.shimano.com<\/a><\/li><li><a rel=\"noreferrer noopener\" href=\"https:\/\/tech.mavic.com\" target=\"_blank\">https:\/\/tech.mavic.com<\/a><\/li><li><a rel=\"noreferrer noopener\" href=\"https:\/\/www.parktool.com\/blog\/repair-help\" target=\"_blank\">https:\/\/www.parktool.com\/blog\/repair-help<\/a><\/li><li><a rel=\"noreferrer noopener\" href=\"https:\/\/blue.canecreek.com\/headset-fit-finder\" target=\"_blank\">https:\/\/blue.canecreek.com\/headset-fit-finder<\/a><\/li><li><a rel=\"noreferrer noopener\" aria-label=\" (\u00f6ffnet in neuem Tab)\" href=\"https:\/\/www.ceramicspeed.com\/en\/sport\/support\" target=\"_blank\">https:\/\/www.ceramicspeed.com\/en\/sport\/support<\/a><\/li><\/ul>\n","protected":false},"excerpt":{"rendered":"<p>Diese Seite soll eine Aufstellung all meiner Werkzeuge und Handb\u00fccher sein, die ich f\u00fcr die Installation und Wartung meiner R\u00e4der einsetze. Auch versuche ich eine Galerie mit meinen &#8222;Anleitungen&#8220; zu erstellen. WerkzeugeVorab, ich bin von Werkzeug besessen. Sollt ich irgend ein Werkzeug ben\u00f6tigen, wird dies in der best m\u00f6glichen Qualit\u00e4t angeschafft&#8230; ohne Kompromisse! Die Fahrradspezifischen [&hellip;]<\/p>\n","protected":false},"author":1,"featured_media":0,"parent":0,"menu_order":0,"comment_status":"closed","ping_status":"closed","template":"page-templates\/page_fullwidth.php","meta":{"footnotes":""},"class_list":["post-552","page","type-page","status-publish","hentry"],"translation":{"provider":"WPGlobus","version":"3.0.0","language":"de","enabled_languages":["en","de"],"languages":{"en":{"title":true,"content":true,"excerpt":false},"de":{"title":true,"content":true,"excerpt":false}}},"jetpack_sharing_enabled":true,"_links":{"self":[{"href":"https:\/\/allez-allez.net\/de\/wp-json\/wp\/v2\/pages\/552","targetHints":{"allow":["GET"]}}],"collection":[{"href":"https:\/\/allez-allez.net\/de\/wp-json\/wp\/v2\/pages"}],"about":[{"href":"https:\/\/allez-allez.net\/de\/wp-json\/wp\/v2\/types\/page"}],"author":[{"embeddable":true,"href":"https:\/\/allez-allez.net\/de\/wp-json\/wp\/v2\/users\/1"}],"replies":[{"embeddable":true,"href":"https:\/\/allez-allez.net\/de\/wp-json\/wp\/v2\/comments?post=552"}],"version-history":[{"count":3,"href":"https:\/\/allez-allez.net\/de\/wp-json\/wp\/v2\/pages\/552\/revisions"}],"predecessor-version":[{"id":2581,"href":"https:\/\/allez-allez.net\/de\/wp-json\/wp\/v2\/pages\/552\/revisions\/2581"}],"wp:attachment":[{"href":"https:\/\/allez-allez.net\/de\/wp-json\/wp\/v2\/media?parent=552"}],"curies":[{"name":"wp","href":"https:\/\/api.w.org\/{rel}","templated":true}]}}